{"id":7326,"date":"2024-05-21T11:59:19","date_gmt":"2024-05-21T09:59:19","guid":{"rendered":"https:\/\/chateaudepanisseau.com\/?page_id=7326"},"modified":"2024-05-21T14:10:20","modified_gmt":"2024-05-21T12:10:20","slug":"our-games","status":"publish","type":"page","link":"https:\/\/chateaudepanisseau.com\/en\/our-games\/","title":{"rendered":"Our games"},"content":{"rendered":"<div data-elementor-type=\"wp-page\" data-elementor-id=\"7326\" class=\"elementor elementor-7326\">\n\t\t\t\t\t\t\t\t\t<section class=\"elementor-section elementor-top-section elementor-element elementor-element-aa08e70 qodef-elementor-content-grid elementor-section-boxed elementor-section-height-default elementor-section-height-default\" data-id=\"aa08e70\" data-element_type=\"section\">\n\t\t\t\t\t\t<div class=\"elementor-container elementor-column-gap-default\">\n\t\t\t\t\t<div class=\"elementor-column elementor-col-100 elementor-top-column elementor-element elementor-element-81500a1\" data-id=\"81500a1\" data-element_type=\"column\">\n\t\t\t<div class=\"elementor-widget-wrap elementor-element-populated\">\n\t\t\t\t\t\t\t\t<div class=\"elementor-element elementor-element-542e01a elementor-widget elementor-widget-loire_core_section_title\" data-id=\"542e01a\" data-element_type=\"widget\" data-widget_type=\"loire_core_section_title.default\">\n\t\t\t\t<div class=\"elementor-widget-container\">\n\t\t\t<div class=\"qodef-shortcode qodef-m  qodef-section-title qodef-alignment--center\">\n\t\t<p class=\"qodef-m-subtitle\" >A fun activity for the whole family<\/p>\n\t\t<h3 class=\"qodef-m-title\" >\n\t\t\t\t\tEscape Game \t\t\t<\/h3>\n\t<\/div>\n\t\t<\/div>\n\t\t\t\t<\/div>\n\t\t\t\t\t<\/div>\n\t\t<\/div>\n\t\t\t\t\t\t\t<\/div>\n\t\t<\/section>\n\t\t\t\t<section class=\"elementor-section elementor-top-section elementor-element elementor-element-fdb61de elementor-section-full_width elementor-section-height-default elementor-section-height-default qodef-elementor-content-no\" data-id=\"fdb61de\" data-element_type=\"section\" data-settings=\"{&quot;background_background&quot;:&quot;classic&quot;}\">\n\t\t\t\t\t\t<div class=\"elementor-container elementor-column-gap-default\">\n\t\t\t\t\t<div class=\"elementor-column elementor-col-33 elementor-top-column elementor-element elementor-element-ea87df9\" data-id=\"ea87df9\" data-element_type=\"column\">\n\t\t\t<div class=\"elementor-widget-wrap elementor-element-populated\">\n\t\t\t\t\t\t\t\t<div class=\"elementor-element elementor-element-f26585c elementor-widget elementor-widget-loire_core_icon_with_text\" data-id=\"f26585c\" data-element_type=\"widget\" data-widget_type=\"loire_core_icon_with_text.default\">\n\t\t\t\t<div class=\"elementor-widget-container\">\n\t\t\t<div class=\"qodef-shortcode qodef-m  qodef-icon-with-text qodef-layout--top qodef--svg-icon  qodef-alignment--center\">\n\t<div class=\"qodef-m-icon-wrapper\">\n\t\t\t<span class=\"qodef-m-icon\" >\n\t\t\t\t\t<a itemprop=\"url\" href=\"#\" target=\"_self\">\n\t\t\t\t\t\n<svg version=\"1.0\" xmlns=\"http:\/\/www.w3.org\/2000\/svg\"\n width=\"130px\" height=\"130px\" viewbox=\"0 0 300.000000 211.000000\"\n preserveaspectratio=\"xMidYMid meet\">\n<metadata>\nCreated by potrace 1.10, written by Peter Selinger 2001-2011\n<\/metadata>\n<g transform=\"translate(0.000000,211.000000) scale(0.100000,-0.100000)\"\nfill=\"#000000\" stroke=\"none\">\n<path d=\"M1050 2084 c-75 -32 -140 -129 -140 -208 0 -90 53 -176 134 -218 60-32 156 -31 216 2 164 92 165 330 1 417 -53 28 -156 31 -211 7z m180 -39 c27-14 61 -41 77 -62 25 -33 28 -44 28 -114 0 -71 -2 -80 -31 -116 -92 -115 -264-100 -328 29 -14 28 -26 67 -26 85 0 73 53 151 125 184 54 25 97 24 155 -6z\"\/>\n<path d=\"M1699 2077 c-96 -51 -145 -167 -115 -270 32 -108 115 -171 226 -17179 0 131 24 183 84 100 117 56 305 -85 364 -57 24 -156 21 -209 -7z m186 -26c197 -89 139 -376 -75 -375 -61 1 -102 18 -141 61 -40 42 -49 66 -49 128 0 9230 139 115 183 50 26 98 27 150 3z\"\/>\n<path d=\"M2487 1716 c-101 -37 -143 -136 -97 -230 38 -78 124 -112 205 -82162 63 137 292 -35 320 -20 3 -52 0 -73 -8z m113 -51 c62 -32 80 -129 34 -184-14 -17 -42 -36 -63 -42 -32 -10 -45 -8 -83 9 -86 38 -102 136 -33 200 40 3794 43 145 17z\"\/>\n<path d=\"M927 1559 c-72 -17 -96 -37 -161 -137 -73 -113 -157 -268 -148 -2763 -3 16 -6 29 -6 38 0 60 -17 98 -72 l34 -52 21 49 c11 26 42 87 68 134 l4786 6 -275 c4 -190 10 -288 19 -316 12 -35 11 -45 -3 -74 -15 -28 -17 -71 -17-296 l0 -262 31 -26 c43 -37 116 -37 152 0 15 14 29 41 32 58 4 18 5 159 3314 -3 276 -3 282 17 282 20 0 20 -6 17 -282 -2 -156 0 -298 3 -317 10 -51 48-81 106 -81 36 0 55 6 76 24 l28 24 5 604 5 603 103 -207 c92 -185 107 -208138 -223 29 -13 41 -14 70 -5 38 13 74 60 74 97 0 33 -174 376 -251 494 -77118 -84 123 -194 139 -85 12 -356 11 -408 -1z m446 -48 c22 -5 50 -20 63 -3253 -50 134 -187 239 -408 56 -117 64 -142 56 -164 -11 -29 -41 -42 -76 -33-19 5 -42 43 -114 185 -55 109 -101 188 -118 201 l-27 21 -20 -21 c-21 -20-21 -30 -24 -597 -3 -575 -3 -577 -24 -600 -36 -39 -87 -24 -108 31 -6 17 -10138 -10 308 0 248 -2 284 -17 300 -20 22 -51 23 -75 1 -16 -14 -18 -34 -18-177 0 -89 -3 -226 -7 -305 -5 -126 -9 -145 -26 -162 -28 -26 -59 -24 -86 5-21 23 -22 26 -18 277 3 140 8 274 12 298 4 26 3 65 -4 95 -7 29 -13 153 -14288 -2 229 -3 238 -24 259 -20 20 -24 21 -45 7 -13 -8 -43 -52 -68 -96 -25-45 -47 -82 -50 -81 -3 0 -25 17 -49 39 l-45 39 33 63 c52 98 137 225 164 24313 8 44 20 68 25 54 11 380 5 432 -9z\"\/>\n<path d=\"M1700 1560 c-95 -9 -166 -25 -175 -41 -4 -5 15 -42 41 -82 51 -76195 -353 234 -449 21 -50 22 -62 12 -97 -7 -22 -27 -52 -47 -70 -29 -25 -44-31 -83 -31 -78 0 -105 24 -165 147 -30 63 -53 99 -54 88 -1 -11 -9 -135 -18-275 -9 -140 -18 -265 -21 -278 -4 -21 -2 -22 71 -22 l75 0 0 -180 c0 -234 11-260 115 -260 38 0 52 5 76 29 l29 29 0 191 0 191 28 0 27 0 -3 -174 c-3 -145-1 -180 13 -209 29 -62 118 -78 174 -31 l31 26 0 194 0 194 81 0 c79 0 81 176 22 -4 12 -21 92 -38 177 -29 141 -36 160 -66 194 -36 41 -43 84 -22 142 1026 7 51 -15 145 -14 62 -24 115 -21 118 6 7 4 11 49 -81 l39 -79 27 65 c15 3642 86 59 112 l32 47 -66 99 c-37 55 -76 106 -88 114 -44 28 -267 48 -407 35zm300 -51 c36 -5 75 -17 87 -25 29 -18 113 -143 113 -167 0 -10 -9 -34 -20 -55-37 -71 -36 -71 -74 -29 -30 33 -38 37 -55 27 -26 -13 -28 -66 -6 -172 12 -5513 -82 5 -102 -20 -53 -12 -101 25 -156 28 -41 41 -78 60 -167 14 -63 25 -12825 -144 0 -27 -3 -29 -39 -29 -92 0 -101 -21 -101 -236 0 -158 -1 -169 -22-191 -36 -39 -86 -25 -108 31 -5 15 -10 100 -10 189 0 151 -1 162 -22 184 -2830 -53 29 -83 -2 -25 -24 -25 -27 -25 -198 0 -161 -2 -176 -21 -201 -24 -31-57 -34 -90 -7 -23 19 -24 24 -27 203 -3 169 -5 185 -24 205 -14 15 -35 23-67 25 l-46 3 0 65 c0 91 13 279 21 291 3 6 22 -8 41 -31 45 -52 80 -70 139-70 62 0 122 35 153 90 41 74 30 124 -77 337 -50 100 -110 212 -133 248 -2336 -39 68 -37 70 23 23 303 33 418 14z\"\/>\n<path d=\"M380 1458 c-111 -76 -111 -210 1 -286 45 -31 129 -28 177 7 76 54 93163 37 237 -50 66 -151 85 -215 42z m141 -33 c34 -18 69 -69 69 -103 0 -40-28 -91 -62 -112 -84 -51 -188 7 -188 105 0 94 97 153 181 110z\"\/>\n<path d=\"M2370 1331 c-39 -9 -54 -22 -89 -75 -52 -76 -163 -324 -156 -347 16-50 79 -74 117 -45 15 11 62 103 107 210 31 74 21 8 -47 -306 l-48 -228 53 053 0 0 -229 c0 -216 1 -230 21 -255 27 -34 79 -36 109 -4 19 21 20 34 20 255l0 233 25 0 25 0 0 -233 c0 -231 0 -234 23 -255 31 -29 77 -29 105 1 21 23 2231 22 255 l0 232 61 0 c50 0 60 3 55 15 -17 46 -117 511 -114 535 2 24 18 -377 -136 41 -92 83 -171 95 -179 46 -33 106 -2 106 55 0 33 -184 418 -222 463-14 17 -39 32 -63 37 -44 11 -296 11 -335 1z m354 -54 c20 -13 54 -74 127-223 54 -112 99 -211 99 -219 0 -23 -28 -30 -49 -11 -10 9 -40 65 -66 124 -68149 -91 184 -118 180 -12 -2 -28 -15 -35 -32 -13 -25 -9 -50 37 -257 28 -12651 -236 51 -244 0 -9 -9 -15 -25 -15 -14 0 -37 -11 -50 -25 -25 -24 -25 -24-25 -239 0 -182 -2 -217 -16 -230 -19 -19 -26 -20 -42 -4 -9 9 -12 74 -12 2290 194 -2 219 -18 239 -25 30 -70 30 -93 -1 -17 -22 -19 -46 -19 -239 0 -155-3 -219 -12 -228 -16 -16 -23 -15 -42 4 -14 13 -16 48 -16 230 0 215 0 215-25 239 -13 14 -33 25 -45 25 -27 0 -27 5 21 229 47 223 50 264 26 288 -27 27-46 8 -102 -98 -43 -80 -54 -94 -75 -94 -41 0 -35 32 33 176 69 145 112 205155 212 15 3 90 4 168 3 116 -1 145 -4 168 -19z\"\/>\n<path d=\"M340 1105 c-8 -2 -32 -6 -53 -10 -33 -5 -43 -15 -87 -80 -69 -102-190 -348 -190 -385 0 -56 59 -87 111 -59 11 5 52 76 92 157 l72 147 3 -404c2 -296 5 -408 14 -419 35 -41 105 -33 127 14 7 16 11 97 11 224 l0 200 23 022 0 -3 -205 -3 -205 29 -30 c36 -36 62 -38 97 -7 l26 22 -1 418 c0 229 2 4174 417 2 0 36 -65 74 -145 76 -155 91 -170 151 -149 50 18 50 52 -2 166 -54117 -123 238 -165 287 -23 28 -38 35 -83 42 -53 7 -239 10 -269 4z m301 -56c28 -15 98 -126 163 -258 56 -113 61 -145 22 -139 -15 2 -36 31 -77 111 -63119 -83 147 -110 147 -41 0 -44 -28 -49 -440 -5 -374 -6 -395 -24 -398 -36 -7-41 13 -46 220 l-5 201 -27 20 -28 21 -27 -21 -28 -20 -5 -201 c-5 -207 -10-227 -46 -220 -18 3 -19 23 -24 390 -5 375 -6 388 -26 408 -12 13 -27 18 -3714 -19 -7 -76 -97 -107 -168 -31 -73 -58 -106 -86 -106 -19 0 -24 5 -24 26 031 102 234 170 338 41 63 54 76 82 80 18 3 44 8 58 10 43 8 260 -3 281 -15z\"\/>\n<\/g>\n<\/svg>\t\t\t\t\t<\/a>\n\t\t\t<\/span>\n\t<\/div>\n\t<div class=\"qodef-m-content\">\n\t\t\t<h5 class=\"qodef-m-title\" >\n\t\t\t\t\t<a itemprop=\"url\" href=\"#\" target=\"_self\">\n\t\t\t\t\t<span class=\"qodef-m-title-text\">Family<\/span>\n\t\t\t\t\t<\/a>\n\t\t\t<\/h5>\n\t\t\t<p class=\"qodef-m-text\" style=\"margin-top: 15px;font-style: normal\">From 6 years old, we can accommodate 2 to 5 people per session. Possibility of making several groups. <\/p>\n\t<\/div>\n<\/div>\n\t\t<\/div>\n\t\t\t\t<\/div>\n\t\t\t\t\t<\/div>\n\t\t<\/div>\n\t\t\t\t<div class=\"elementor-column elementor-col-33 elementor-top-column elementor-element elementor-element-147c060\" data-id=\"147c060\" data-element_type=\"column\">\n\t\t\t<div class=\"elementor-widget-wrap elementor-element-populated\">\n\t\t\t\t\t\t\t\t<div class=\"elementor-element elementor-element-13cc031 elementor-widget elementor-widget-loire_core_icon_with_text\" data-id=\"13cc031\" data-element_type=\"widget\" data-widget_type=\"loire_core_icon_with_text.default\">\n\t\t\t\t<div class=\"elementor-widget-container\">\n\t\t\t<div class=\"qodef-shortcode qodef-m  qodef-icon-with-text qodef-layout--top qodef--svg-icon  qodef-alignment--center\">\n\t<div class=\"qodef-m-icon-wrapper\">\n\t\t\t<span class=\"qodef-m-icon\" >\n\t\t\t\t\t<a itemprop=\"url\" href=\"#\" target=\"_self\">\n\t\t\t\t\t<svg fill=\"#000000\" height=\"130px\" width=\"130px\" version=\"1.1\" id=\"Layer_1\" xmlns=\"http:\/\/www.w3.org\/2000\/svg\" xmlns:xlink=\"http:\/\/www.w3.org\/1999\/xlink\" \n\t viewbox=\"0 0 457.544 457.544\" xml:space=\"preserve\">\n<g id=\"XMLID_463_\">\n\t<g>\n\t\t<path d=\"M371.706,354.903c-0.014-0.003-0.025-0.014-0.027-0.029c-4.551-28.528-14.82-57.299-29.418-82.121\t\t\tc-12.783-21.734-28.209-39.64-45.332-52.768c-0.019-0.015-0.019-0.042,0-0.057c33.017-25.437,59.423-68.366,71.095-116.569\t\t\tc0.003-0.014,0.015-0.025,0.029-0.027c25.025-3.816,44.241-25.55,44.098-51.658C411.994,22.945,388.044,0,359.314,0H98.229\t\t\tc-28.73,0-52.68,22.945-52.837,51.674c-0.143,26.107,19.072,47.842,44.097,51.658c0.014,0.002,0.026,0.013,0.029,0.027\t\t\tc11.672,48.204,38.078,91.133,71.095,116.569c0.019,0.014,0.019,0.042,0,0.057c-17.122,13.128-32.548,31.034-45.331,52.768\t\t\tc-14.599,24.821-24.868,53.593-29.418,82.121c-0.002,0.015-0.013,0.026-0.027,0.029c-23.146,5.259-40.472,26.013-40.445,50.734\t\t\tc0.03,28.553,24.266,51.907,52.819,51.907h261.123c28.553,0,52.788-23.353,52.819-51.907\t\t\tC412.178,380.916,394.852,360.162,371.706,354.903z M359.585,429.199H97.354c-13.024,0-23.62-10.596-23.62-23.62\t\t\tc0-12.009,9.203-23.62,24.706-23.62c7.251,0,13.333-5.473,14.093-12.684c6.234-59.073,39.468-115.291,80.819-136.711\t\t\tc5.739-2.974,8.872-9.55,7.209-16.135c-1.009-3.994-3.846-7.275-7.497-9.183c-32.617-17.046-61.079-57.284-74.063-103.274\t\t\tc-0.007-0.023,0.011-0.047,0.035-0.047l156.308,0.079c3.77,0.002,7.387-1.495,10.054-4.16c2.667-2.665,4.165-6.281,4.165-10.052\t\t\tc0-7.849-6.363-14.212-14.212-14.212H97.958c-13.91,0-25.126-11.389-24.167-25.265c0.848-12.259,11.092-21.974,23.563-21.974\t\t\th262.23c13.909,0,25.126,11.389,24.167,25.265c-0.848,12.259-11.092,21.974-23.563,21.974h-3.678\t\t\tc-6.779,0-12.656,4.78-13.935,11.437c-10.158,52.854-41.531,101.126-78.111,120.235c-3.647,1.905-6.478,5.188-7.485,9.178\t\t\tc-1.662,6.584,1.469,13.16,7.209,16.134c37.665,19.511,68.587,67.895,78.513,121.008c0.004,0.022-0.013,0.043-0.036,0.043h-39.743\t\t\tc-0.018,0-0.033-0.013-0.036-0.031c-5.38-40.217-34.802-82.847-74.116-82.847c-40.269,0-71.892,45.72-74.872,90.645\t\t\tc-0.799,12.051,5,20.577,13.967,20.577h192.322c12.471,0,22.715,9.715,23.563,21.974\t\t\tC384.711,417.811,373.494,429.199,359.585,429.199z M274.18,353.573c0.004,0.023-0.013,0.044-0.036,0.044h-90.725\t\t\tc-0.023,0-0.04-0.021-0.036-0.044c5.298-28.646,25.225-54.491,45.389-54.491C248.701,299.082,268.854,324.428,274.18,353.573z\"\/>\n\t<\/g>\n<\/g>\n<\/svg>\t\t\t\t\t<\/a>\n\t\t\t<\/span>\n\t<\/div>\n\t<div class=\"qodef-m-content\">\n\t\t\t<h5 class=\"qodef-m-title\" >\n\t\t\t\t\t<a itemprop=\"url\" href=\"#\" target=\"_self\">\n\t\t\t\t\t<span class=\"qodef-m-title-text\">Timing<\/span>\n\t\t\t\t\t<\/a>\n\t\t\t<\/h5>\n\t\t\t<p class=\"qodef-m-text\" style=\"margin-top: 15px;font-style: normal\">It will take you on average around thirty minutes to complete a session. Will you manage to beat the record?<\/p>\n\t<\/div>\n<\/div>\n\t\t<\/div>\n\t\t\t\t<\/div>\n\t\t\t\t\t<\/div>\n\t\t<\/div>\n\t\t\t\t<div class=\"elementor-column elementor-col-33 elementor-top-column elementor-element elementor-element-fce4300\" data-id=\"fce4300\" data-element_type=\"column\">\n\t\t\t<div class=\"elementor-widget-wrap elementor-element-populated\">\n\t\t\t\t\t\t\t\t<div class=\"elementor-element elementor-element-8296633 elementor-widget elementor-widget-loire_core_icon_with_text\" data-id=\"8296633\" data-element_type=\"widget\" data-widget_type=\"loire_core_icon_with_text.default\">\n\t\t\t\t<div class=\"elementor-widget-container\">\n\t\t\t<div class=\"qodef-shortcode qodef-m  qodef-icon-with-text qodef-layout--top qodef--svg-icon  qodef-alignment--center\">\n\t<div class=\"qodef-m-icon-wrapper\">\n\t\t\t<span class=\"qodef-m-icon\" >\n\t\t\t\t\t<a itemprop=\"url\" href=\"#\" target=\"_self\">\n\t\t\t\t\t<?xml version=\"1.0\" encoding=\"utf-8\"?><!-- Uploaded to: SVG Repo, www.svgrepo.com, Generator: SVG Repo Mixer Tools -->\n<svg width=\"130px\" height=\"130px\" viewbox=\"0 0 64 64\" xmlns=\"http:\/\/www.w3.org\/2000\/svg\" stroke-width=\"3\" stroke=\"#000000\" fill=\"none\"><path d=\"M43.12,58H20.88a2.33,2.33,0,0,1-2.33-2.33V28.89a1.15,1.15,0,0,1,.37-.85L30.73,17a1.16,1.16,0,0,1,1.56,0L45.05,28a1.18,1.18,0,0,1,.4.88V55.7A2.33,2.33,0,0,1,43.12,58Z\" stroke-linecap=\"round\"\/><path d=\"M32,25.2c-4.39,0-7.95-4.31-7.95-9.62S27.61,6,32,6s8,4.3,8,9.61\" stroke-linecap=\"round\"\/><path d=\"M39.78,46.88a8.1,8.1,0,1,1-1.53-13.8\"\/><line x1=\"22.68\" y1=\"38.07\" x2=\"36.17\" y2=\"38.07\"\/><line x1=\"22.68\" y1=\"43.12\" x2=\"34.54\" y2=\"43.12\"\/><\/svg>\t\t\t\t\t<\/a>\n\t\t\t<\/span>\n\t<\/div>\n\t<div class=\"qodef-m-content\">\n\t\t\t<h5 class=\"qodef-m-title\" >\n\t\t\t\t\t<a itemprop=\"url\" href=\"#\" target=\"_self\">\n\t\t\t\t\t<span class=\"qodef-m-title-text\">Pricing<\/span>\n\t\t\t\t\t<\/a>\n\t\t\t<\/h5>\n\t\t\t<p class=\"qodef-m-text\" style=\"margin-top: 15px;font-style: normal\">5\u20ac per person, free for children under 6 years old. Accessible from Monday to Saturday by reservation.<\/p>\n\t<\/div>\n<\/div>\n\t\t<\/div>\n\t\t\t\t<\/div>\n\t\t\t\t\t<\/div>\n\t\t<\/div>\n\t\t\t\t\t\t\t<\/div>\n\t\t<\/section>\n\t\t\t\t<section class=\"elementor-section elementor-top-section elementor-element elementor-element-4123460 qodef-elementor-content-grid elementor-section-boxed elementor-section-height-default elementor-section-height-default\" data-id=\"4123460\" data-element_type=\"section\">\n\t\t\t\t\t\t<div class=\"elementor-container elementor-column-gap-default\">\n\t\t\t\t\t<div class=\"elementor-column elementor-col-50 elementor-top-column elementor-element elementor-element-d035dbf\" data-id=\"d035dbf\" data-element_type=\"column\">\n\t\t\t<div class=\"elementor-widget-wrap elementor-element-populated\">\n\t\t\t\t\t\t\t\t<div class=\"elementor-element elementor-element-80afba7 elementor-widget elementor-widget-loire_core_section_title\" data-id=\"80afba7\" data-element_type=\"widget\" data-widget_type=\"loire_core_section_title.default\">\n\t\t\t\t<div class=\"elementor-widget-container\">\n\t\t\t<div class=\"qodef-shortcode qodef-m  qodef-section-title qodef-alignment--left\">\n\t\t\t<h2 class=\"qodef-m-title\" >\n\t\t\t\t\tDescriptif\t\t\t<\/h2>\n\t\t<p class=\"qodef-m-text\" style=\"font-style: normal\">Locked by thieves in the kitchen of the Castle, you will have to warn the owner that they are looting the cellar. You will have 30 minutes to solve 12 puzzles and find the key that will allow you to exit the room. The puzzles are for young and old, and revolve around cooking, wine and property. Available in French and in English.<\/p>\n<\/div>\n\t\t<\/div>\n\t\t\t\t<\/div>\n\t\t\t\t<div class=\"elementor-element elementor-element-4918a29 elementor-widget elementor-widget-spacer\" data-id=\"4918a29\" data-element_type=\"widget\" data-widget_type=\"spacer.default\">\n\t\t\t\t<div class=\"elementor-widget-container\">\n\t\t\t<style>\/*! elementor - v3.13.3 - 28-05-2023 *\/\n.elementor-column .elementor-spacer-inner{height:var(--spacer-size)}.e-con{--container-widget-width:100%}.e-con-inner>.elementor-widget-spacer,.e-con>.elementor-widget-spacer{width:var(--container-widget-width,var(--spacer-size));--align-self:var(--container-widget-align-self,initial);--flex-shrink:0}.e-con-inner>.elementor-widget-spacer>.elementor-widget-container,.e-con-inner>.elementor-widget-spacer>.elementor-widget-container>.elementor-spacer,.e-con>.elementor-widget-spacer>.elementor-widget-container,.e-con>.elementor-widget-spacer>.elementor-widget-container>.elementor-spacer{height:100%}.e-con-inner>.elementor-widget-spacer>.elementor-widget-container>.elementor-spacer>.elementor-spacer-inner,.e-con>.elementor-widget-spacer>.elementor-widget-container>.elementor-spacer>.elementor-spacer-inner{height:var(--container-widget-height,var(--spacer-size))}<\/style>\t\t<div class=\"elementor-spacer\">\n\t\t\t<div class=\"elementor-spacer-inner\"><\/div>\n\t\t<\/div>\n\t\t\t\t<\/div>\n\t\t\t\t<\/div>\n\t\t\t\t<div class=\"elementor-element elementor-element-b77aec4 elementor-widget__width-initial elementor-widget elementor-widget-loire_core_button\" data-id=\"b77aec4\" data-element_type=\"widget\" data-widget_type=\"loire_core_button.default\">\n\t\t\t\t<div class=\"elementor-widget-container\">\n\t\t\t<a class=\"qodef-shortcode qodef-m  qodef-button qodef-layout--outlined  qodef-html--link\" href=\"mailto:contact@panisseau.com?subject=R%C3%A9server%20un%20Escape%20Game%20au%20domaine&#038;body=Type%20d&#039;offre%20%3A%20Escape%20Game%0D%0ADate%20%3A%20%0D%0ANombre%20de%20personnes%20%3A%20%0D%0A%0D%0ABonjour%2C%0D%0ANous%20vous%20avons%20trouv%C3%A9%20via%20votre%20site%20et%20nous%20aimerions%20r%C3%A9server%20une%20session%20Escape%20Game.%0D%0AMerci%20d&#039;avance.\" target=\"_blank\" data-hover-color=\"#FFFFFF\" data-hover-background-color=\"#000000\" style=\"color: #000000\">\n\t<span class=\"qodef-m-text\">Book a session<\/span>\n<\/a>\n\t\t<\/div>\n\t\t\t\t<\/div>\n\t\t\t\t\t<\/div>\n\t\t<\/div>\n\t\t\t\t<div class=\"elementor-column elementor-col-50 elementor-top-column elementor-element elementor-element-f6f49b9 elementor-hidden-tablet elementor-hidden-mobile\" data-id=\"f6f49b9\" data-element_type=\"column\" data-settings=\"{&quot;background_background&quot;:&quot;classic&quot;}\">\n\t\t\t<div class=\"elementor-widget-wrap\">\n\t\t\t\t\t\t\t\t\t<\/div>\n\t\t<\/div>\n\t\t\t\t\t\t\t<\/div>\n\t\t<\/section>\n\t\t\t\t<section class=\"elementor-section elementor-top-section elementor-element elementor-element-78bb3de elementor-section-full_width elementor-section-stretched elementor-section-height-default elementor-section-height-default qodef-elementor-content-no\" data-id=\"78bb3de\" data-element_type=\"section\" data-settings=\"{&quot;stretch_section&quot;:&quot;section-stretched&quot;,&quot;background_background&quot;:&quot;classic&quot;}\">\n\t\t\t\t\t\t<div class=\"elementor-container elementor-column-gap-default\">\n\t\t\t\t\t<div class=\"elementor-column elementor-col-100 elementor-top-column elementor-element elementor-element-50567cf\" data-id=\"50567cf\" data-element_type=\"column\">\n\t\t\t<div class=\"elementor-widget-wrap elementor-element-populated\">\n\t\t\t\t\t\t\t\t<div class=\"elementor-element elementor-element-fea3a3e elementor-widget-divider--view-line elementor-widget elementor-widget-divider\" data-id=\"fea3a3e\" data-element_type=\"widget\" data-widget_type=\"divider.default\">\n\t\t\t\t<div class=\"elementor-widget-container\">\n\t\t\t<style>\/*! elementor - v3.13.3 - 28-05-2023 *\/\n.elementor-widget-divider{--divider-border-style:none;--divider-border-width:1px;--divider-color:#0c0d0e;--divider-icon-size:20px;--divider-element-spacing:10px;--divider-pattern-height:24px;--divider-pattern-size:20px;--divider-pattern-url:none;--divider-pattern-repeat:repeat-x}.elementor-widget-divider .elementor-divider{display:flex}.elementor-widget-divider .elementor-divider__text{font-size:15px;line-height:1;max-width:95%}.elementor-widget-divider .elementor-divider__element{margin:0 var(--divider-element-spacing);flex-shrink:0}.elementor-widget-divider .elementor-icon{font-size:var(--divider-icon-size)}.elementor-widget-divider .elementor-divider-separator{display:flex;margin:0;direction:ltr}.elementor-widget-divider--view-line_icon .elementor-divider-separator,.elementor-widget-divider--view-line_text .elementor-divider-separator{align-items:center}.elementor-widget-divider--view-line_icon .elementor-divider-separator:after,.elementor-widget-divider--view-line_icon .elementor-divider-separator:before,.elementor-widget-divider--view-line_text .elementor-divider-separator:after,.elementor-widget-divider--view-line_text .elementor-divider-separator:before{display:block;content:\"\";border-bottom:0;flex-grow:1;border-top:var(--divider-border-width) var(--divider-border-style) var(--divider-color)}.elementor-widget-divider--element-align-left .elementor-divider .elementor-divider-separator>.elementor-divider__svg:first-of-type{flex-grow:0;flex-shrink:100}.elementor-widget-divider--element-align-left .elementor-divider-separator:before{content:none}.elementor-widget-divider--element-align-left .elementor-divider__element{margin-left:0}.elementor-widget-divider--element-align-right .elementor-divider .elementor-divider-separator>.elementor-divider__svg:last-of-type{flex-grow:0;flex-shrink:100}.elementor-widget-divider--element-align-right .elementor-divider-separator:after{content:none}.elementor-widget-divider--element-align-right .elementor-divider__element{margin-right:0}.elementor-widget-divider:not(.elementor-widget-divider--view-line_text):not(.elementor-widget-divider--view-line_icon) .elementor-divider-separator{border-top:var(--divider-border-width) var(--divider-border-style) var(--divider-color)}.elementor-widget-divider--separator-type-pattern{--divider-border-style:none}.elementor-widget-divider--separator-type-pattern.elementor-widget-divider--view-line .elementor-divider-separator,.elementor-widget-divider--separator-type-pattern:not(.elementor-widget-divider--view-line) .elementor-divider-separator:after,.elementor-widget-divider--separator-type-pattern:not(.elementor-widget-divider--view-line) .elementor-divider-separator:before,.elementor-widget-divider--separator-type-pattern:not([class*=elementor-widget-divider--view]) .elementor-divider-separator{width:100%;min-height:var(--divider-pattern-height);-webkit-mask-size:var(--divider-pattern-size) 100%;mask-size:var(--divider-pattern-size) 100%;-webkit-mask-repeat:var(--divider-pattern-repeat);mask-repeat:var(--divider-pattern-repeat);background-color:var(--divider-color);-webkit-mask-image:var(--divider-pattern-url);mask-image:var(--divider-pattern-url)}.elementor-widget-divider--no-spacing{--divider-pattern-size:auto}.elementor-widget-divider--bg-round{--divider-pattern-repeat:round}.rtl .elementor-widget-divider .elementor-divider__text{direction:rtl}.e-con-inner>.elementor-widget-divider,.e-con>.elementor-widget-divider{width:var(--container-widget-width,100%);--flex-grow:var(--container-widget-flex-grow)}<\/style>\t\t<div class=\"elementor-divider\">\n\t\t\t<span class=\"elementor-divider-separator\">\n\t\t\t\t\t\t<\/span>\n\t\t<\/div>\n\t\t\t\t<\/div>\n\t\t\t\t<\/div>\n\t\t\t\t\t<\/div>\n\t\t<\/div>\n\t\t\t\t\t\t\t<\/div>\n\t\t<\/section>\n\t\t\t\t\t\t\t<\/div>","protected":false},"excerpt":{"rendered":"<p>Une activit\u00e9 ludique pour toute la famille Escape Game Created by potrace 1.10, written by Peter Selinger 2001-2011 Familial A partir de 6 ans, Nous pouvons accueillir de 2 \u00e0 5 personnes par session. Possibilit\u00e9s de faire plusieurs groupes. Dur\u00e9e Il vous faudra en moyenne une trentaine de minutes pour compl\u00e9ter une session. R\u00e9ussirez vous [&hellip;]<\/p>","protected":false},"author":1,"featured_media":0,"parent":0,"menu_order":0,"comment_status":"closed","ping_status":"closed","template":"","meta":[],"_links":{"self":[{"href":"https:\/\/chateaudepanisseau.com\/en\/wp-json\/wp\/v2\/pages\/7326"}],"collection":[{"href":"https:\/\/chateaudepanisseau.com\/en\/wp-json\/wp\/v2\/pages"}],"about":[{"href":"https:\/\/chateaudepanisseau.com\/en\/wp-json\/wp\/v2\/types\/page"}],"author":[{"embeddable":true,"href":"https:\/\/chateaudepanisseau.com\/en\/wp-json\/wp\/v2\/users\/1"}],"replies":[{"embeddable":true,"href":"https:\/\/chateaudepanisseau.com\/en\/wp-json\/wp\/v2\/comments?post=7326"}],"version-history":[{"count":83,"href":"https:\/\/chateaudepanisseau.com\/en\/wp-json\/wp\/v2\/pages\/7326\/revisions"}],"predecessor-version":[{"id":7428,"href":"https:\/\/chateaudepanisseau.com\/en\/wp-json\/wp\/v2\/pages\/7326\/revisions\/7428"}],"wp:attachment":[{"href":"https:\/\/chateaudepanisseau.com\/en\/wp-json\/wp\/v2\/media?parent=7326"}],"curies":[{"name":"wp","href":"https:\/\/api.w.org\/{rel}","templated":true}]}}